{"id":19085,"date":"2025-09-01T17:50:59","date_gmt":"2025-09-01T17:50:59","guid":{"rendered":"https:\/\/musthavebuys.com\/?product=hanes-10-oz-ultimate-cotton-pullover-fleece-hood"},"modified":"2025-09-01T17:50:59","modified_gmt":"2025-09-01T17:50:59","slug":"hanes-10-oz-ultimate-cotton-pullover-fleece-hood","status":"publish","type":"product","link":"https:\/\/musthavebuys.com\/?product=hanes-10-oz-ultimate-cotton-pullover-fleece-hood","title":{"rendered":"Hanes 10 oz Ultimate Cotton Pullover Fleece Hood"},"content":{"rendered":"<p><br \/>\nPrice: <span style=\"color:#b12704\">$12.47<\/span><br \/><i><small>(as of Sep 01, 2025 17:50:59 UTC &#8211; <span class=\"wp_automatic_amazon_disclaimer\" title=\"Product prices and availability are accurate as of the date\/time indicated and are subject to change. Any price and availability information displayed on [relevant Amazon Site(s), as applicable] at the time of purchase will apply to the purchase of this product.\">Details<\/span>)<\/small><\/i><\/p>\n<p><a href=\"https:\/\/amazon.com\/dp\/B00KBIDF7Q?tag=blogwithsu04-20\"><img decoding=\"async\" src=\"https:\/\/valvepress.s3.amazonaws.com\/imgs\/buy_now.png\"><\/a><br \/>\n<br \/>\n    <span>\u05d4\u05e7\u05e4\u05d5\u05e6&#8217;\u05d5\u05df \u05d4\u05d0\u05d5\u05dc\u05d8\u05d9\u05de\u05d8\u05d9\u05d1\u05d9 \u05de\u05db\u05d5\u05ea\u05e0\u05d4 \u05e9\u05dc Hanes \u05d4\u05d5\u05d0 \u05e7\u05dc\u05d0\u05e1\u05d9 \u05e0\u05e2\u05d9\u05dd \u05d1\u05de\u05e9\u05e7\u05dc \u05db\u05d1\u05d3 \u05e9\u05d0\u05d9 \u05d0\u05e4\u05e9\u05e8 \u05dc\u05d7\u05d9\u05d5\u05ea \u05d1\u05dc\u05e2\u05d3\u05d9\u05d5. \u05d4\u05e4\u05dc\u05d9\u05d6 \u05e9\u05dc\u05e0\u05d5 \u05d4\u05d5\u05d0 \u05e8\u05da \u05d1\u05de\u05d9\u05d5\u05d7\u05d3 \u05dc\u05e0\u05d5\u05d7\u05d5\u05ea \u05d5\u05d7\u05de\u05d9\u05de\u05d5\u05ea.<\/p>\n<p>Der Hanes Ultimate Cotton Pullover Hoodie ist ein gem\u00fctlicher, schwerer Klassiker, den Sie nicht ohne leben k\u00f6nnen. Unser Fleece ist ultraweich f\u00fcr Komfort und W\u00e4rme.<\/p>\n<p>Hanes \u6052\u9002\u7ec8\u6781\u68c9\u8d28\u5957\u5934\u8fde\u5e3d\u886b\u662f\u4e00\u6b3e\u8212\u9002\u3001\u539a\u5b9e\u7684\u7ecf\u5178\u6b3e\u5f0f,\u60a8\u503c\u5f97\u62e5\u6709\u3002 \u6211\u4eec\u7684\u7f8a\u6bdb\u8d85\u67d4\u8f6f,\u8212\u9002\u4fdd\u6696\u3002<\/span>    <br \/> Is Discontinued By Manufacturer                                            \u200f                                            :                                            \u200e                                            No   <br \/> Product Dimensions                                            \u200f                                            :                                            \u200e                                            9 x 6 x 2 inches; 1.2 Pounds   <br \/> Item model number                                            \u200f                                            :                                            \u200e                                            OF170   <br \/> Department                                            \u200f                                            :                                            \u200e                                            mens   <br \/> Date First Available                                            \u200f                                            :                                            \u200e                                            October 2, 2003   <br \/> Manufacturer                                            \u200f                                            :                                            \u200e                                            Hanes Men&#8217;s Athletic Child Code   <br \/> ASIN                                            \u200f                                            :                                            \u200e                                            B00JUMDZNI   <br \/>       Best Sellers Rank:  #2,253 in Clothing, Shoes &#038; Jewelry (See Top 100 in Clothing, Shoes &#038; Jewelry)    #8 in Men&#8217;s Sweatshirts      <br \/>  Customer Reviews:                                                                                     4.5             4.5 out of 5 stars                                    47,491 ratings                                             var dpAcrHasRegisteredArcLinkClickAction;                    P.when(&#8216;A&#8217;, &#8216;ready&#8217;).execute(function(A) {                        if (dpAcrHasRegisteredArcLinkClickAction !== true) {                            dpAcrHasRegisteredArcLinkClickAction = true;                            A.declarative(                                &#8216;acrLink-click-metrics&#8217;, &#8216;click&#8217;,                                { &#8220;allowLinkDefault&#8221;: true },                                function (event) {                                    if (window.ue) {                                        ue.count(&#8220;acrLinkClickCount&#8221;, (ue.count(&#8220;acrLinkClickCount&#8221;) || 0) + 1);                                    }                                }                            );                        }                    });                                             P.when(&#8216;A&#8217;, &#8216;cf&#8217;).execute(function(A) {                A.declarative(&#8216;acrStarsLink-click-metrics&#8217;, &#8216;click&#8217;, { &#8220;allowLinkDefault&#8221; : true },  function(event){                    if(window.ue) {                        ue.count(&#8220;acrStarsLinkWithPopoverClickCount&#8221;, (ue.count(&#8220;acrStarsLinkWithPopoverClickCount&#8221;) || 0) + 1);                    }                });            });                          <\/p>\n\n","protected":false},"excerpt":{"rendered":"<p> \u05d4\u05e7\u05e4\u05d5\u05e6&#8217;\u05d5\u05df \u05d4\u05d0\u05d5\u05dc\u05d8\u05d9\u05de\u05d8\u05d9\u05d1\u05d9 \u05de\u05db\u05d5\u05ea\u05e0\u05d4 \u05e9\u05dc Hanes \u05d4\u05d5\u05d0 \u05e7\u05dc\u05d0\u05e1\u05d9 \u05e0\u05e2\u05d9\u05dd \u05d1\u05de\u05e9\u05e7\u05dc \u05db\u05d1\u05d3 \u05e9\u05d0\u05d9 \u05d0\u05e4\u05e9\u05e8 \u05dc\u05d7\u05d9\u05d5\u05ea \u05d1\u05dc\u05e2\u05d3\u05d9\u05d5. \u05d4\u05e4\u05dc\u05d9\u05d6 \u05e9\u05dc\u05e0\u05d5 \u05d4\u05d5\u05d0 \u05e8\u05da \u05d1\u05de\u05d9\u05d5\u05d7\u05d3 \u05dc\u05e0\u05d5\u05d7\u05d5\u05ea \u05d5\u05d7\u05de\u05d9\u05de\u05d5\u05ea. Der Hanes Ultimate Cotton Pullover Hoodie ist ein gem\u00fctlicher, schwerer Klassiker, den Sie nicht ohne leben k\u00f6nnen. Unser Fleece ist ultraweich f\u00fcr Komfort und W\u00e4rme. Hanes \u6052\u9002\u7ec8\u6781\u68c9\u8d28\u5957\u5934\u8fde\u5e3d\u886b\u662f\u4e00\u6b3e\u8212\u9002\u3001\u539a\u5b9e\u7684\u7ecf\u5178\u6b3e\u5f0f,\u60a8\u503c\u5f97\u62e5\u6709\u3002 \u6211\u4eec\u7684\u7f8a\u6bdb\u8d85\u67d4\u8f6f,\u8212\u9002\u4fdd\u6696\u3002 Is [&hellip;]<\/p>\n","protected":false},"featured_media":19086,"comment_status":"open","ping_status":"closed","template":"","meta":{"_gspb_post_css":""},"store":[],"product_brand":[],"product_cat":[129],"product_tag":[146],"class_list":{"0":"post-19085","1":"product","2":"type-product","3":"status-publish","4":"has-post-thumbnail","6":"product_cat-mens-sweatshirts","7":"product_tag-mens-sweatshirts","9":"first","10":"instock","11":"shipping-taxable","12":"product-type-external"},"_links":{"self":[{"href":"https:\/\/musthavebuys.com\/index.php?rest_route=\/wp\/v2\/product\/19085","targetHints":{"allow":["GET"]}}],"collection":[{"href":"https:\/\/musthavebuys.com\/index.php?rest_route=\/wp\/v2\/product"}],"about":[{"href":"https:\/\/musthavebuys.com\/index.php?rest_route=\/wp\/v2\/types\/product"}],"replies":[{"embeddable":true,"href":"https:\/\/musthavebuys.com\/index.php?rest_route=%2Fwp%2Fv2%2Fcomments&post=19085"}],"wp:featuredmedia":[{"embeddable":true,"href":"https:\/\/musthavebuys.com\/index.php?rest_route=\/wp\/v2\/media\/19086"}],"wp:attachment":[{"href":"https:\/\/musthavebuys.com\/index.php?rest_route=%2Fwp%2Fv2%2Fmedia&parent=19085"}],"wp:term":[{"taxonomy":"store","embeddable":true,"href":"https:\/\/musthavebuys.com\/index.php?rest_route=%2Fwp%2Fv2%2Fstore&post=19085"},{"taxonomy":"product_brand","embeddable":true,"href":"https:\/\/musthavebuys.com\/index.php?rest_route=%2Fwp%2Fv2%2Fproduct_brand&post=19085"},{"taxonomy":"product_cat","embeddable":true,"href":"https:\/\/musthavebuys.com\/index.php?rest_route=%2Fwp%2Fv2%2Fproduct_cat&post=19085"},{"taxonomy":"product_tag","embeddable":true,"href":"https:\/\/musthavebuys.com\/index.php?rest_route=%2Fwp%2Fv2%2Fproduct_tag&post=19085"}],"curies":[{"name":"wp","href":"https:\/\/api.w.org\/{rel}","templated":true}]}}